{"id":914,"date":"2018-08-31T14:35:57","date_gmt":"2018-08-31T17:35:57","guid":{"rendered":"https:\/\/ens36-sfe.infd.edu.ar\/sitio\/ingresantes-2018\/"},"modified":"2020-03-18T12:57:48","modified_gmt":"2020-03-18T15:57:48","slug":"ingresantes-2020","status":"publish","type":"page","link":"https:\/\/ens36-sfe.infd.edu.ar\/sitio\/ingresantes-2020\/","title":{"rendered":"Ingresantes 2020"},"content":{"rendered":"<h2><strong>IMPORTANTE!!!<\/strong><\/h2>\n<h3>Informamos que atentos y de acuerdo a lo dispuesto por el gobierno nacional y al plegarse tambi\u00e9n nuestra provincia a dicha disposici\u00f3n, se suspende el curso para ingresantes (proped\u00e9utico), actividad que supone concentraci\u00f3n de estudiantes, hasta el 31 de marzo. Nos comunicaremos por este medio ante cualquier novedad.<\/h3>\n<p>&nbsp;<\/p>\n<h2>INGRESANTES 2020<\/h2>\n<p>LES INFORMAMOS QUE EL <strong>LUNES\u00a0 25\u00a0 DE NOVIEMBRE<\/strong>\u00a0COMENZAR\u00c1N LAS INSCRIPCIONES SEG\u00daN LO ESTABLECIDO POR EL CALENDARIO OFICIAL DE NIVEL SUPERIOR.<\/p>\n<p>&nbsp;<\/p>\n<h2 class=\"Naranja_resaltadoAzul\"><strong>Convocatoria a inscripci\u00f3n de alumnos aspirantes a 1\u00ba a\u00f1o ciclo lectivo 2020:<\/strong><\/h2>\n<ul>\n<li><em><strong><span style=\"font-size: 12pt; color: #000000;\">FECHA: del 25\/11\/2019 al 19\/12\/2019<\/span><\/strong><\/em><\/li>\n<li style=\"color: #000000; font-family: helvetica,arial,sans-serif; font-size: medium;\"><em><strong><span style=\"font-size: 12pt;\">D\u00cdAS Y HORARIOS DE ATENCI\u00d3N: Lunes a Jueves de 17 a 20 hs.<\/span><\/strong><\/em><\/li>\n<li style=\"color: #000000; font-family: helvetica,arial,sans-serif; font-size: medium;\"><em><strong><span style=\"font-size: 12pt;\">DIRECCI\u00d3N: Entre R\u00edos 2366 \u2013 Rosario<\/span><\/strong><\/em><\/li>\n<li style=\"color: #000000; font-family: helvetica,arial,sans-serif; font-size: medium;\"><em><strong><span style=\"font-size: 12pt;\">CONTACTO: 4728627- 4728628<\/span><\/strong><\/em><\/li>\n<\/ul>\n<p><span style=\"font-size: 14pt;\">Carreras de Nivel Superior No Universitario:<\/span><\/p>\n<p class=\"Naranja\">&#8211; Profesorado de Educaci\u00f3n Primaria 528\/09<\/p>\n<p class=\"Naranja\">&#8211; Profesorado de Educaci\u00f3n Inicial 529\/09<\/p>\n<p><span style=\"font-size: 12pt;\">\u00a0Duraci\u00f3n de Ambas carreras: 4 a\u00f1os<\/span><\/p>\n<p><span style=\"font-size: 12pt;\">\u00a0Turnos de Cursado: Tarde (horario aprox. 13.10 a 17.50) y Noche (horario aprox. 17.55 a 22.35)<\/span><\/p>\n<p>&nbsp;<\/p>\n<p class=\"Naranja_resaltadoAzul\">Requisitos para la inscripci\u00f3n:<\/p>\n<p><span style=\"font-size: 12pt;\" data-mce-mark=\"1\">\u00a0<\/span><span style=\"font-size: 12pt;\" data-mce-mark=\"1\">1)\u00a0\u00a0\u00a0 Fotocopia del T\u00edtulo de Nivel Medio Completo <strong>legalizada<\/strong> por la Escuela Otorgante del t\u00edtulo o por Organismos Oficiales Tribunales.* (En caso de no poseer el t\u00edtulo definitivo presentar <em>original<\/em> de constancia de t\u00edtulo secundario en tr\u00e1mite o <em>original<\/em> de constancia de finalizaci\u00f3n de cursado adeudanto materias.)<br \/>\n<\/span><\/p>\n<p><span style=\"font-size: 12pt;\" data-mce-mark=\"1\">\u00a0<\/span><span style=\"font-size: 12pt;\" data-mce-mark=\"1\">2)\u00a0\u00a0\u00a0 Fotocopia del D.N.I <span style=\"font-size: 12pt;\" data-mce-mark=\"1\"><strong>legalizada<\/strong>.*<\/span><br \/>\n<\/span><\/p>\n<p><span style=\"font-size: 12pt;\">\u00a0<\/span><span style=\"font-size: 12pt;\">3)\u00a0\u00a0\u00a0 Dos fotos 4 x4 (con apellido, nombre y DNI escrito en el reverso).<\/span><\/p>\n<p><span style=\"font-size: 12pt;\">\u00a0<\/span><span style=\"font-size: 12pt;\">4)\u00a0\u00a0\u00a0 Certificado de Salud (otorgado por un m\u00e9dico).**<\/span><\/p>\n<p><span style=\"font-size: 12pt;\">\u00a0<\/span><span style=\"font-size: 12pt;\">5)\u00a0\u00a0\u00a0 Certificado de Aptitud Psicol\u00f3gica (otorgado por un psic\u00f3logo).**<\/span><\/p>\n<p><span style=\"font-size: 12pt;\">\u00a0<\/span><span style=\"font-size: 12pt;\">6)\u00a0\u00a0\u00a0 Certificado de Aptitud Fonoaudiol\u00f3gica (otorgado por un fonoaudi\u00f3logo).**<\/span><\/p>\n<p><span style=\"font-size: 12pt;\">\u00a0<\/span><span style=\"font-size: 12pt;\">7)\u00a0\u00a0\u00a0 Un folio Oficio.<\/span><\/p>\n<p><span style=\"font-size: 12pt;\">\u00a0<\/span><span style=\"font-size: 12pt;\">8) \u00a0 \u00a0Fotocopia de Partida de Nacimiento (legalizada en caso de no haber nacido en la Provincia de Santa Fe).<\/span><\/p>\n<p><span style=\"font-size: 12pt;\">9)\u00a0\u00a0\u00a0\u00a0 Colaboraci\u00f3n a la asociaci\u00f3n cooperadora. Con el pago adelantado de la cooperadora anual se lleva guardapolvo.<br \/>\n<\/span><\/p>\n<p><em><span style=\"font-size: 12pt;\">* <a title=\"Oficina de Certificaciones Balcarce 1651\" href=\"http:\/\/www.justiciasantafe.gov.ar\/js\/index.php?go=i&amp;id=20\" target=\"_blank\" rel=\"noopener\">Poder Judicial de Santa Fe &#8211; Oficina de Certificaciones<\/a><\/span><\/em><\/p>\n<p><em><span style=\"font-size: 12pt;\">** Si el establecimiento otorgante es privado, el certificado debe estar estampillado.<\/span><\/em><\/p>\n<p><em><span style=\"font-size: 12pt;\"><strong>Colegio de M\u00e9dicos:<\/strong> direcci\u00f3n Espa\u00f1a 1714 &#8211; Rosario<\/span><\/em><\/p>\n<p><em><span style=\"font-size: 12pt;\"><em><span style=\"font-size: 12pt;\"><strong>Colegio de Psic\u00f3logos:<\/strong> direcci\u00f3n Dorrego 423 &#8211; Rosario<br \/>\n<\/span><\/em><\/span><\/em><\/p>\n<p><em><span style=\"font-size: 12pt;\"><strong>Colegio de Fonoaudi\u00f3logos:<\/strong> direcci\u00f3n Zeballos 132 &#8211; Rosario<\/span><\/em><\/p>\n<p>&nbsp;<\/p>\n<h2 class=\"Azul_resaltadoNaranja\">Encuentros Proped\u00e9uticos:<\/h2>\n<h3><strong>Estudiantes ingresantes, les convocamos\u00a0 del <\/strong>05\/03\u00a0 al\u00a0 26\/03<strong> a asistir al cursado del Proped\u00e9utico 2020, el cual tiene car\u00e1cter obligatorio y no eliminatorio. Se llevar\u00e1n a cabo para ambos profesorados P.E.I. y P.E.P. en los turnos que se hayan inscripto para el cursado del 1er a\u00f1o de los mismos.<\/strong><\/h3>\n<p><strong>TURNO TARDE<\/strong> : de 15.00 a 17.30 hs<\/p>\n<p><strong>TURNO NOCHE<\/strong>: de 18.30 a 21.00 hs<\/p>\n<p>&nbsp;<\/p>\n<h3 class=\"Azul_resaltadoNaranja\">Inicio del primer cuatrimestre: <em>1 de abril de 2020<\/em><\/h3>\n<h2 class=\"Naranja_resaltadoAzul\"><\/h2>\n<p>&nbsp;<\/p>\n<p>&nbsp;<\/p>\n<p>&nbsp;<\/p>\n<p>&nbsp;<\/p>\n<p>&nbsp;<\/p>\n<p>&nbsp;<\/p>\n<p>&nbsp;<\/p>\n<p>&nbsp;<\/p>\n<p>&nbsp;<\/p>\n","protected":false},"excerpt":{"rendered":"<p>IMPORTANTE!!! Informamos que atentos y de acuerdo a lo dispuesto por el gobierno nacional y al plegarse tambi\u00e9n nuestra provincia a dicha disposici\u00f3n, se suspende el curso para ingresantes (proped\u00e9utico), actividad que supone concentraci\u00f3n de estudiantes, hasta el 31 de marzo. Nos comunicaremos por este medio ante cualquier novedad. &nbsp; INGRESANTES 2020 LES INFORMAMOS QUE &#8230; <a title=\"Ingresantes 2020\" class=\"read-more\" href=\"https:\/\/ens36-sfe.infd.edu.ar\/sitio\/ingresantes-2020\/\" aria-label=\"More on Ingresantes 2020\">[+]<\/a><\/p>\n","protected":false},"author":2476,"featured_media":0,"parent":0,"menu_order":0,"comment_status":"closed","ping_status":"closed","template":"","meta":[],"acf":[],"_links":{"self":[{"href":"https:\/\/ens36-sfe.infd.edu.ar\/sitio\/wp-json\/wp\/v2\/pages\/914"}],"collection":[{"href":"https:\/\/ens36-sfe.infd.edu.ar\/sitio\/wp-json\/wp\/v2\/pages"}],"about":[{"href":"https:\/\/ens36-sfe.infd.edu.ar\/sitio\/wp-json\/wp\/v2\/types\/page"}],"author":[{"embeddable":true,"href":"https:\/\/ens36-sfe.infd.edu.ar\/sitio\/wp-json\/wp\/v2\/users\/2476"}],"replies":[{"embeddable":true,"href":"https:\/\/ens36-sfe.infd.edu.ar\/sitio\/wp-json\/wp\/v2\/comments?post=914"}],"version-history":[{"count":14,"href":"https:\/\/ens36-sfe.infd.edu.ar\/sitio\/wp-json\/wp\/v2\/pages\/914\/revisions"}],"predecessor-version":[{"id":1545,"href":"https:\/\/ens36-sfe.infd.edu.ar\/sitio\/wp-json\/wp\/v2\/pages\/914\/revisions\/1545"}],"wp:attachment":[{"href":"https:\/\/ens36-sfe.infd.edu.ar\/sitio\/wp-json\/wp\/v2\/media?parent=914"}],"curies":[{"name":"wp","href":"https:\/\/api.w.org\/{rel}","templated":true}]}}