{"id":286,"date":"2016-10-31T13:17:59","date_gmt":"2016-10-31T16:17:59","guid":{"rendered":"https:\/\/ens36-sfe.infd.edu.ar\/sitio\/?page_id=286"},"modified":"2022-11-03T16:49:28","modified_gmt":"2022-11-03T19:49:28","slug":"inicio","status":"publish","type":"page","link":"https:\/\/ens36-sfe.infd.edu.ar\/sitio\/","title":{"rendered":"Inicio"},"content":{"rendered":"<div id=\"metaslider-id-403\" style=\"max-width: 850px; margin: 0 auto;\" class=\"ml-slider-3-33-0 metaslider metaslider-coin metaslider-403 ml-slider ms-theme-default\" role=\"region\" aria-roledescription=\"Slideshow\" aria-label=\"Slideshow\">\n    <div id=\"metaslider_container_403\">\n        <div id='metaslider_403' class='coin-slider'>\n<a href=\"https:\/\/www.argentina.gob.ar\/educacion\/becas\" target=\"_blank\"><img src=\"https:\/\/ens36-sfe.infd.edu.ar\/sitio\/wp-content\/uploads\/2018\/09\/DSC06280-e1536231872762-850x250.jpg\" height=\"250\" width=\"850\" alt=\"\" class=\"slider-403 slide-609\" title=\"DSC06280\" style=\"display: none;\" \/><\/a>\n<a href=\"javascript:void(0)\" target=\"_self\"><img src=\"https:\/\/ens36-sfe.infd.edu.ar\/sitio\/wp-content\/uploads\/2018\/09\/COPETE_escudos_20x5-850x250.jpg\" height=\"250\" width=\"850\" alt=\"\" class=\"slider-403 slide-1124\" title=\"COPETE_escudos_20x5\" style=\"display: none;\" \/><\/a>\n<a href=\"javascript:void(0)\" target=\"_self\"><img src=\"https:\/\/ens36-sfe.infd.edu.ar\/sitio\/wp-content\/uploads\/2018\/09\/escudoN3_infd-e1536230850775-850x250.jpg\" height=\"250\" width=\"850\" alt=\"\" class=\"slider-403 slide-1128\" title=\"escudoN3_infd\" style=\"display: none;\" \/><\/a>\n<a href=\"javascript:void(0)\" target=\"_self\"><img src=\"https:\/\/ens36-sfe.infd.edu.ar\/sitio\/wp-content\/uploads\/2018\/09\/copete_inf-850x250.jpg\" height=\"250\" width=\"850\" alt=\"\" class=\"slider-403 slide-1136\" title=\"copete_inf\" style=\"display: none;\" \/><\/a>\n<a href=\"javascript:void(0)\" target=\"_self\"><img src=\"https:\/\/ens36-sfe.infd.edu.ar\/sitio\/wp-content\/uploads\/2018\/09\/GEDC0587mm-850x250.jpg\" height=\"250\" width=\"850\" alt=\"\" class=\"slider-403 slide-1221\" title=\"GE\" style=\"display: none;\" \/><span>GE<\/span><\/a>\n<a href=\"javascript:void(0)\" target=\"_self\"><img src=\"https:\/\/ens36-sfe.infd.edu.ar\/sitio\/wp-content\/uploads\/2022\/11\/WhatsApp-Image-2022-11-03-at-15.24.32-850x250.jpeg\" height=\"250\" width=\"850\" alt=\"\" class=\"slider-403 slide-2110\" title=\"WhatsApp Image 2022-11-03 at 15.24.32\" style=\"display: none;\" \/><\/a>\n<a href=\"javascript:void(0)\" target=\"_self\"><img src=\"https:\/\/ens36-sfe.infd.edu.ar\/sitio\/wp-content\/uploads\/2022\/11\/WhatsApp-Image-2022-11-03-at-15.24.40-850x250.jpeg\" height=\"250\" width=\"850\" alt=\"\" class=\"slider-403 slide-2112\" title=\"WhatsApp Image 2022-11-03 at 15.24.40\" style=\"display: none;\" \/><\/a>\n<a href=\"javascript:void(0)\" target=\"_self\"><img src=\"https:\/\/ens36-sfe.infd.edu.ar\/sitio\/wp-content\/uploads\/2022\/11\/WhatsApp-Image-2022-11-03-at-15.24.36-850x250.jpeg\" height=\"250\" width=\"850\" alt=\"\" class=\"slider-403 slide-2114\" title=\"WhatsApp Image 2022-11-03 at 15.24.36\" style=\"display: none;\" \/><\/a>\n        <\/div>\n        \n    <\/div>\n<\/div>\n<table id=\"table1\" style=\"width: 500px;\" border=\"0\" cellspacing=\"0\" cellpadding=\"10\" align=\"center\">\n<tbody>\n<tr>\n<td style=\"border: 1px solid;\">\n<p class=\"Azul\" style=\"text-align: center;\"><span style=\"font-size: 14pt;\">Escuela Normal Superior N\u00ba 36\u00a0\u00abMariano Moreno\u00bb\u00a0<\/span><\/p>\n<p style=\"text-align: center;\"><span style=\"font-size: 14pt;\"><a title=\"Centenario 1917-2017\" href=\"index.cgi?wid_seccion=35\">1917-2017<\/a><\/span><\/p>\n<p class=\"Azul\" style=\"text-align: center;\"><span style=\"font-size: 14pt;\"><a title=\"Centenario 1917-2017\" href=\"index.cgi?wid_seccion=35\"><img decoding=\"async\" loading=\"lazy\" src=\"upload\/escuela02.jpg\" width=\"900\" height=\"650\" border=\"0\" \/><\/a><\/span><\/p>\n<p style=\"text-align: center;\"><img decoding=\"async\" loading=\"lazy\" title=\"Normal 36 homepage\" src=\"https:\/\/ens36-sfe.infd.edu.ar\/sitio\/wp-content\/uploads\/2018\/08\/normal_3_2_3_1.jpg\" alt=\"Normal 36 homepage\" width=\"493\" height=\"367\" border=\"0\" \/><\/p>\n<p><span style=\"font-family: Verdana; font-size: 10pt;\">La Escuela Normal Superior N\u00ba 36 \u00abMariano Moreno\u00bb se encuentra en la zona sur de la ciudad de Rosario, Provincia de Santa Fe. Posee los cuatro niveles: Inicial, Primario, Secundario y Terciario.<\/span><\/p>\n<p style=\"font-size: 10pt; color: black; font-family: Verdana;\">A trav\u00e9s de este sitio en Internet, nuestro Instituto podr\u00e1 comunicar novedades, acercar informaci\u00f3n, compartir experiencias y brindar apoyo y asesoramiento a alumnos, docentes e interesados en formar parte de esta comunidad educativa.<\/p>\n<p><span style=\"font-size: 10pt; color: black; font-family: Verdana;\"><img decoding=\"async\" src=\"https:\/\/ens36-sfe.infd.edu.ar\/sitio\/wp-content\/uploads\/2018\/08\/la_red.jpg\" alt=\"Red virtual\" align=\"left\" border=\"0\" hspace=\"10\" \/><\/span><span style=\"font-size: 10pt; color: black; font-family: Verdana;\">Junto con varios cientos de Institutos, integramos la <strong><em style=\"font-family: Verdana;\">Red Virtual de Institutos Superiores de Formaci\u00f3n Docente<\/em><\/strong> coordinada por el <strong style=\"font-family: Verdana;\">INFD<\/strong> (Instituto Nacional de Formaci\u00f3n Docente) dependiente del Ministerio de Educaci\u00f3n de la Naci\u00f3n Argentina.<\/span><\/td>\n<\/tr>\n<\/tbody>\n<\/table>\n<p><img decoding=\"async\" loading=\"lazy\" class=\"alignnone  wp-image-2109\" src=\"https:\/\/ens36-sfe.infd.edu.ar\/sitio\/wp-content\/uploads\/2022\/11\/WhatsApp-Image-2022-11-03-at-15.24.32-1000x750.jpeg\" alt=\"\" width=\"516\" height=\"387\" srcset=\"https:\/\/ens36-sfe.infd.edu.ar\/sitio\/wp-content\/uploads\/2022\/11\/WhatsApp-Image-2022-11-03-at-15.24.32-1000x750.jpeg 1000w, https:\/\/ens36-sfe.infd.edu.ar\/sitio\/wp-content\/uploads\/2022\/11\/WhatsApp-Image-2022-11-03-at-15.24.32-768x576.jpeg 768w, https:\/\/ens36-sfe.infd.edu.ar\/sitio\/wp-content\/uploads\/2022\/11\/WhatsApp-Image-2022-11-03-at-15.24.32-1536x1152.jpeg 1536w, https:\/\/ens36-sfe.infd.edu.ar\/sitio\/wp-content\/uploads\/2022\/11\/WhatsApp-Image-2022-11-03-at-15.24.32.jpeg 1600w\" sizes=\"(max-width: 516px) 100vw, 516px\" \/><\/p>\n","protected":false},"excerpt":{"rendered":"<p>Escuela Normal Superior N\u00ba 36\u00a0\u00abMariano Moreno\u00bb\u00a0 1917-2017 La Escuela Normal Superior N\u00ba 36 \u00abMariano Moreno\u00bb se encuentra en la zona sur de la ciudad de Rosario, Provincia de Santa Fe. Posee los cuatro niveles: Inicial, Primario, Secundario y Terciario. A trav\u00e9s de este sitio en Internet, nuestro Instituto podr\u00e1 comunicar novedades, acercar informaci\u00f3n, compartir experiencias &#8230; <a title=\"Inicio\" class=\"read-more\" href=\"https:\/\/ens36-sfe.infd.edu.ar\/sitio\/\" aria-label=\"More on Inicio\">[+]<\/a><\/p>\n","protected":false},"author":1,"featured_media":0,"parent":0,"menu_order":0,"comment_status":"closed","ping_status":"closed","template":"","meta":[],"acf":[],"_links":{"self":[{"href":"https:\/\/ens36-sfe.infd.edu.ar\/sitio\/wp-json\/wp\/v2\/pages\/286"}],"collection":[{"href":"https:\/\/ens36-sfe.infd.edu.ar\/sitio\/wp-json\/wp\/v2\/pages"}],"about":[{"href":"https:\/\/ens36-sfe.infd.edu.ar\/sitio\/wp-json\/wp\/v2\/types\/page"}],"author":[{"embeddable":true,"href":"https:\/\/ens36-sfe.infd.edu.ar\/sitio\/wp-json\/wp\/v2\/users\/1"}],"replies":[{"embeddable":true,"href":"https:\/\/ens36-sfe.infd.edu.ar\/sitio\/wp-json\/wp\/v2\/comments?post=286"}],"version-history":[{"count":81,"href":"https:\/\/ens36-sfe.infd.edu.ar\/sitio\/wp-json\/wp\/v2\/pages\/286\/revisions"}],"predecessor-version":[{"id":2118,"href":"https:\/\/ens36-sfe.infd.edu.ar\/sitio\/wp-json\/wp\/v2\/pages\/286\/revisions\/2118"}],"wp:attachment":[{"href":"https:\/\/ens36-sfe.infd.edu.ar\/sitio\/wp-json\/wp\/v2\/media?parent=286"}],"curies":[{"name":"wp","href":"https:\/\/api.w.org\/{rel}","templated":true}]}}