{"id":2628,"date":"2024-12-20T10:02:14","date_gmt":"2024-12-20T13:02:14","guid":{"rendered":"https:\/\/ens36-sfe.infd.edu.ar\/sitio\/?page_id=2628"},"modified":"2025-11-14T16:31:52","modified_gmt":"2025-11-14T19:31:52","slug":"reinscripcion-secundaria","status":"publish","type":"page","link":"https:\/\/ens36-sfe.infd.edu.ar\/sitio\/reinscripcion-secundaria\/","title":{"rendered":"INSCRIPCION &#8211; PREINSCRIPCION- SECUNDARIA"},"content":{"rendered":"\n<p><\/p>\n\n\n\n<p><br>Pre &#8211; inscripci\u00f3n a 1er a\u00f1o 2026 para alumnos provenientes de otras instituciones.<\/p>\n\n\n\n<p>Per\u00edodo: 13\/10\/25 al 13\/11\/25 Deber\u00e1 completar el formulario y adicionar foto del dni (anverso y reverso) y Constancia de alumno regular de 7mo grado 2025.<\/p>\n\n\n\n<p><\/p>\n\n\n\n<p>link formulario <br>Los datos de contacto revisten car\u00e1cter confidencial y ser\u00e1n utilizados para favorecer la comunicaci\u00f3n entre el ministerio de Educaci\u00f3n de Santa Fe y las familias de los estudiantes.<\/p>\n\n\n\n<p>DIA DEL SORTEO: JUEVES 20 DE NOVIEMBRE &#8211; 10:30 HS. ACTO P\u00daBLICO &#8211;<\/p>\n\n\n\n<p>NO es obligatorio estar presente el d\u00eda del sorteo.&nbsp;<\/p>\n","protected":false},"excerpt":{"rendered":"<p>Pre &#8211; inscripci\u00f3n a 1er a\u00f1o 2026 para alumnos provenientes de otras instituciones. Per\u00edodo: 13\/10\/25 al 13\/11\/25 Deber\u00e1 completar el formulario y adicionar foto del dni (anverso y reverso) y Constancia de alumno regular de 7mo grado 2025. link formulario Los datos de contacto revisten car\u00e1cter confidencial y ser\u00e1n utilizados para favorecer la comunicaci\u00f3n entre &#8230; <a title=\"INSCRIPCION &#8211; PREINSCRIPCION- SECUNDARIA\" class=\"read-more\" href=\"https:\/\/ens36-sfe.infd.edu.ar\/sitio\/reinscripcion-secundaria\/\" aria-label=\"More on INSCRIPCION &#8211; PREINSCRIPCION- SECUNDARIA\">[+]<\/a><\/p>\n","protected":false},"author":2396,"featured_media":0,"parent":0,"menu_order":0,"comment_status":"closed","ping_status":"closed","template":"","meta":[],"acf":[],"_links":{"self":[{"href":"https:\/\/ens36-sfe.infd.edu.ar\/sitio\/wp-json\/wp\/v2\/pages\/2628"}],"collection":[{"href":"https:\/\/ens36-sfe.infd.edu.ar\/sitio\/wp-json\/wp\/v2\/pages"}],"about":[{"href":"https:\/\/ens36-sfe.infd.edu.ar\/sitio\/wp-json\/wp\/v2\/types\/page"}],"author":[{"embeddable":true,"href":"https:\/\/ens36-sfe.infd.edu.ar\/sitio\/wp-json\/wp\/v2\/users\/2396"}],"replies":[{"embeddable":true,"href":"https:\/\/ens36-sfe.infd.edu.ar\/sitio\/wp-json\/wp\/v2\/comments?post=2628"}],"version-history":[{"count":10,"href":"https:\/\/ens36-sfe.infd.edu.ar\/sitio\/wp-json\/wp\/v2\/pages\/2628\/revisions"}],"predecessor-version":[{"id":2735,"href":"https:\/\/ens36-sfe.infd.edu.ar\/sitio\/wp-json\/wp\/v2\/pages\/2628\/revisions\/2735"}],"wp:attachment":[{"href":"https:\/\/ens36-sfe.infd.edu.ar\/sitio\/wp-json\/wp\/v2\/media?parent=2628"}],"curies":[{"name":"wp","href":"https:\/\/api.w.org\/{rel}","templated":true}]}}