{"id":2572,"date":"2024-09-25T09:45:35","date_gmt":"2024-09-25T12:45:35","guid":{"rendered":"https:\/\/ens36-sfe.infd.edu.ar\/sitio\/?page_id=2572"},"modified":"2024-09-25T10:53:41","modified_gmt":"2024-09-25T13:53:41","slug":"plan-fines-santa-fe-2024","status":"publish","type":"page","link":"https:\/\/ens36-sfe.infd.edu.ar\/sitio\/plan-fines-santa-fe-2024\/","title":{"rendered":"Plan FinEs &#8211; SANTA  FE 2024"},"content":{"rendered":"\n<p>Termina tu secundaria<\/p>\n\n\n\n<p><strong>DESTINATARIOS<\/strong>;<\/p>\n\n\n\n<p>J\u00f3venes y adultos mayores de 18 a\u00f1os (cumplidos al 30 de junio) que han finalizado el cursado de su educaci\u00f3n secundaria en E.E.S.O o E.E.M.P.A en el a\u00f1o 2023 y anteriores.<\/p>\n\n\n\n<p><strong>CRONOGRAMA:<\/strong><\/p>\n\n\n\n<ul>\n<li>Inscripci\u00f3n: del 24\/09 al 30\/09<\/li>\n\n\n\n<li>Per\u00edodo clases: del 01\/10 al 30\/11 del 2024<\/li>\n\n\n\n<li>Cursado: presencial<\/li>\n<\/ul>\n\n\n\n<p><strong>INSCRIPCIONES:<\/strong><\/p>\n\n\n\n<ul>\n<li>Escuelas Sede <a href=\"https:\/\/drive.google.com\/file\/d\/1OeQm_MRQsTmQTrjrCL0AzB6H50Un6pm_\/view?usp=sharing\" data-type=\"URL\" data-id=\"https:\/\/drive.google.com\/file\/d\/1OeQm_MRQsTmQTrjrCL0AzB6H50Un6pm_\/view?usp=sharing\">(consultar archivo adjunto)<\/a><\/li>\n<\/ul>\n\n\n\n<p><strong>DOCUMENTACI\u00d3N NECESARIA<\/strong>:<\/p>\n\n\n\n<ul>\n<li>Constancia de Trayectoria Escolar emitida por la Escuela de Origen, donde conste el Plan de Estudios y las asignaturas adeudadas.<\/li>\n\n\n\n<li>DNI para acreditar identidad<\/li>\n<\/ul>\n\n\n\n<p>CONTACTO:<\/p>\n\n\n\n<p><a href=\"mailto:secretariasecundarionormal36@gmail.com\">secretariasecundarionormal36@gmail.com<\/a><\/p>\n","protected":false},"excerpt":{"rendered":"<p>Termina tu secundaria DESTINATARIOS; J\u00f3venes y adultos mayores de 18 a\u00f1os (cumplidos al 30 de junio) que han finalizado el cursado de su educaci\u00f3n secundaria en E.E.S.O o E.E.M.P.A en el a\u00f1o 2023 y anteriores. CRONOGRAMA: INSCRIPCIONES: DOCUMENTACI\u00d3N NECESARIA: CONTACTO: secretariasecundarionormal36@gmail.com<\/p>\n","protected":false},"author":2396,"featured_media":0,"parent":0,"menu_order":0,"comment_status":"closed","ping_status":"closed","template":"","meta":[],"acf":[],"_links":{"self":[{"href":"https:\/\/ens36-sfe.infd.edu.ar\/sitio\/wp-json\/wp\/v2\/pages\/2572"}],"collection":[{"href":"https:\/\/ens36-sfe.infd.edu.ar\/sitio\/wp-json\/wp\/v2\/pages"}],"about":[{"href":"https:\/\/ens36-sfe.infd.edu.ar\/sitio\/wp-json\/wp\/v2\/types\/page"}],"author":[{"embeddable":true,"href":"https:\/\/ens36-sfe.infd.edu.ar\/sitio\/wp-json\/wp\/v2\/users\/2396"}],"replies":[{"embeddable":true,"href":"https:\/\/ens36-sfe.infd.edu.ar\/sitio\/wp-json\/wp\/v2\/comments?post=2572"}],"version-history":[{"count":5,"href":"https:\/\/ens36-sfe.infd.edu.ar\/sitio\/wp-json\/wp\/v2\/pages\/2572\/revisions"}],"predecessor-version":[{"id":2579,"href":"https:\/\/ens36-sfe.infd.edu.ar\/sitio\/wp-json\/wp\/v2\/pages\/2572\/revisions\/2579"}],"wp:attachment":[{"href":"https:\/\/ens36-sfe.infd.edu.ar\/sitio\/wp-json\/wp\/v2\/media?parent=2572"}],"curies":[{"name":"wp","href":"https:\/\/api.w.org\/{rel}","templated":true}]}}