{"id":2074,"date":"2022-03-17T11:37:12","date_gmt":"2022-03-17T14:37:12","guid":{"rendered":"https:\/\/ens36-sfe.infd.edu.ar\/sitio\/?page_id=2074"},"modified":"2025-12-18T07:27:05","modified_gmt":"2025-12-18T10:27:05","slug":"nivel-superior-solicitud-de-pase-ciclo-lectivo-2024","status":"publish","type":"page","link":"https:\/\/ens36-sfe.infd.edu.ar\/sitio\/nivel-superior-solicitud-de-pase-ciclo-lectivo-2024\/","title":{"rendered":"NIVEL SUPERIOR: SOLICITUD DE PASE"},"content":{"rendered":"\n<p>SOLICITUD DE PASE \u00a0\u00a0<\/p>\n\n\n\n<p>DURANTE EL MES DE MARZO, EN FECHA Y HORARIO A DETERMINAR, SE RECEPCIONAR\u00c1 EN VENTANILLA DE ALUMNADO DE LA INSTITUCI\u00d3N\u00a0 LA SOLICITUD DE PASE,\u00a0 A TAL FIN LAS\/OS INTERESADAS\/OS DEBER\u00c1N PRESENTAR:<\/p>\n\n\n\n<ul>\n<li><strong><a href=\"https:\/\/docs.google.com\/document\/d\/1R-WIxUMg26kYJn6T0LXwdb1XwGcEu8n4\/edit\">CARTA MODELO<\/a><\/strong>: en formato papel descargando e imprimiendo el archivo o transcribiendo el texto<\/li>\n\n\n\n<li>CERTIFICADO DE ESTUDIOS INCOMPLETOS : adjuntarlo con la carta de solicitud<\/li>\n<\/ul>\n\n\n\n<p>Los pedidos de pases ser\u00e1n analizados por el Consejo Consultivo en funci\u00f3n\u00a0 de\u00a0 las posibilidades\u00a0 edilicias y funcionales de la planta docente en cada turno. Recordamos, tambi\u00e9n, no realizar ning\u00fan tr\u00e1mite de baja y pase en su instituto de origen hasta no tener la respuesta favorable desde el ENS N\u00b0 36.  En los primeros dias  de abril nos comunicaremos a su correo electr\u00f3nico  (el que consign\u00f3 en CARTA MODELO) inform\u00e1ndole la\u00a0 respuesta a su solicitud.\u00a0<\/p>\n\n\n\n<p><\/p>\n\n\n\n<p>Cordialmente Equipo de Gesti\u00f3n-Nivel Superior.<\/p>\n\n\n\n<p>Para cualquier consulta puede escribir&nbsp; a:&nbsp; <a href=\"mailto:superiorn36.ventanilladigital@gmail.com\" data-type=\"mailto\" data-id=\"mailto:superiorn36.ventanilladigital@gmail.com\">superiorn36.ventanillavirtual@gmail.com<\/a><\/p>\n\n\n\n<p><\/p>\n","protected":false},"excerpt":{"rendered":"<p>SOLICITUD DE PASE \u00a0\u00a0 DURANTE EL MES DE MARZO, EN FECHA Y HORARIO A DETERMINAR, SE RECEPCIONAR\u00c1 EN VENTANILLA DE ALUMNADO DE LA INSTITUCI\u00d3N\u00a0 LA SOLICITUD DE PASE,\u00a0 A TAL FIN LAS\/OS INTERESADAS\/OS DEBER\u00c1N PRESENTAR: Los pedidos de pases ser\u00e1n analizados por el Consejo Consultivo en funci\u00f3n\u00a0 de\u00a0 las posibilidades\u00a0 edilicias y funcionales de la &#8230; <a title=\"NIVEL SUPERIOR: SOLICITUD DE PASE\" class=\"read-more\" href=\"https:\/\/ens36-sfe.infd.edu.ar\/sitio\/nivel-superior-solicitud-de-pase-ciclo-lectivo-2024\/\" aria-label=\"More on NIVEL SUPERIOR: SOLICITUD DE PASE\">[+]<\/a><\/p>\n","protected":false},"author":2396,"featured_media":0,"parent":0,"menu_order":0,"comment_status":"closed","ping_status":"closed","template":"","meta":[],"acf":[],"_links":{"self":[{"href":"https:\/\/ens36-sfe.infd.edu.ar\/sitio\/wp-json\/wp\/v2\/pages\/2074"}],"collection":[{"href":"https:\/\/ens36-sfe.infd.edu.ar\/sitio\/wp-json\/wp\/v2\/pages"}],"about":[{"href":"https:\/\/ens36-sfe.infd.edu.ar\/sitio\/wp-json\/wp\/v2\/types\/page"}],"author":[{"embeddable":true,"href":"https:\/\/ens36-sfe.infd.edu.ar\/sitio\/wp-json\/wp\/v2\/users\/2396"}],"replies":[{"embeddable":true,"href":"https:\/\/ens36-sfe.infd.edu.ar\/sitio\/wp-json\/wp\/v2\/comments?post=2074"}],"version-history":[{"count":16,"href":"https:\/\/ens36-sfe.infd.edu.ar\/sitio\/wp-json\/wp\/v2\/pages\/2074\/revisions"}],"predecessor-version":[{"id":2742,"href":"https:\/\/ens36-sfe.infd.edu.ar\/sitio\/wp-json\/wp\/v2\/pages\/2074\/revisions\/2742"}],"wp:attachment":[{"href":"https:\/\/ens36-sfe.infd.edu.ar\/sitio\/wp-json\/wp\/v2\/media?parent=2074"}],"curies":[{"name":"wp","href":"https:\/\/api.w.org\/{rel}","templated":true}]}}