{"id":1937,"date":"2021-03-24T10:56:41","date_gmt":"2021-03-24T13:56:41","guid":{"rendered":"https:\/\/ens36-sfe.infd.edu.ar\/sitio\/?page_id=1937"},"modified":"2021-03-24T10:58:09","modified_gmt":"2021-03-24T13:58:09","slug":"sorteo-superior-pep","status":"publish","type":"page","link":"https:\/\/ens36-sfe.infd.edu.ar\/sitio\/sorteo-superior-pep\/","title":{"rendered":"SORTEO SUPERIOR PEP"},"content":{"rendered":"<p><strong>SORTEO DE LAS VACANTES A PRIMER A\u00d1O PEP 2021 \u2013 23\/03<\/strong><\/p>\n<p><strong><em>Informamos los aspirantes que salieron sorteados para el ingreso de PRIMER A\u00d1O del PROFESORADO DE EDUCACI\u00d3N PRIMARIA 2021, los\u00a0 mismos est\u00e1n convocados a realizar su inscripci\u00f3n definitiva el VIERNES 26 de 16 a 19 hs. CON LA DOCUMENTACI\u00d3N REQUERIDA.<\/em><\/strong><\/p>\n<p><strong><em>Atte.<\/em><\/strong><\/p>\n<p style=\"text-align: center;\"><strong><em>Equipo de Gesti\u00f3n NN3<\/em><\/strong><\/p>\n<p><strong>INGRESOS:<\/strong><\/p>\n<p><strong>PEP TURNO TARDE<\/strong><\/p>\n<ol>\n<li>Gil Galicia Jennifer<\/li>\n<li>Solari Candela<\/li>\n<li>Mansilla Melina<\/li>\n<li>Grisolia Silvana<\/li>\n<li>Ojeda Agustina<\/li>\n<li>Mondaini Clara<\/li>\n<li>Bauern Schidmidt Stefania<\/li>\n<li>G\u00f3mez Noelia<\/li>\n<li>Orellano Leonela<\/li>\n<li>San Martin Mat\u00edas<\/li>\n<li>G\u00f3mez Rojo Melody<\/li>\n<li>Gonz\u00e1lez Paola<\/li>\n<\/ol>\n<p><strong>PEP TURNO NOCHE<\/strong><\/p>\n<ol>\n<li>Villarreal Andrea<\/li>\n<li>Gabelich Lucia<\/li>\n<li>Espinoza Yanina<\/li>\n<li>Navarro Daniela<\/li>\n<li>Ledesma Milagros<\/li>\n<li>Molina Agustina<\/li>\n<li>Rolon Adriana<\/li>\n<li>Leguizam\u00f3n Luis Miguel<\/li>\n<li>Flores Luciana<\/li>\n<li>Campos Valeria<\/li>\n<li>Piriz Daiana<\/li>\n<li>Villafa\u00f1e Sabrina<\/li>\n<li>Vilardi Berenice<\/li>\n<li>Velas Alexa<\/li>\n<li>Ramirez Jael<\/li>\n<li>Cornejo Ludmila<\/li>\n<li>Olivera Alejandra<\/li>\n<li>Ocampo Lara<\/li>\n<li>Arcangeletti Leonel<\/li>\n<li>Rabas Lara<\/li>\n<li>Nin Naiara<\/li>\n<li>Aguilera Mu\u00f1oz Axel<\/li>\n<li>Ocampo Agustina<\/li>\n<li>Woca Carolina<\/li>\n<\/ol>\n","protected":false},"excerpt":{"rendered":"<p>SORTEO DE LAS VACANTES A PRIMER A\u00d1O PEP 2021 \u2013 23\/03 Informamos los aspirantes que salieron sorteados para el ingreso de PRIMER A\u00d1O del PROFESORADO DE EDUCACI\u00d3N PRIMARIA 2021, los\u00a0 mismos est\u00e1n convocados a realizar su inscripci\u00f3n definitiva el VIERNES 26 de 16 a 19 hs. CON LA DOCUMENTACI\u00d3N REQUERIDA. Atte. Equipo de Gesti\u00f3n NN3 &#8230; <a title=\"SORTEO SUPERIOR PEP\" class=\"read-more\" href=\"https:\/\/ens36-sfe.infd.edu.ar\/sitio\/sorteo-superior-pep\/\" aria-label=\"More on SORTEO SUPERIOR PEP\">[+]<\/a><\/p>\n","protected":false},"author":2396,"featured_media":0,"parent":0,"menu_order":0,"comment_status":"closed","ping_status":"closed","template":"","meta":[],"acf":[],"_links":{"self":[{"href":"https:\/\/ens36-sfe.infd.edu.ar\/sitio\/wp-json\/wp\/v2\/pages\/1937"}],"collection":[{"href":"https:\/\/ens36-sfe.infd.edu.ar\/sitio\/wp-json\/wp\/v2\/pages"}],"about":[{"href":"https:\/\/ens36-sfe.infd.edu.ar\/sitio\/wp-json\/wp\/v2\/types\/page"}],"author":[{"embeddable":true,"href":"https:\/\/ens36-sfe.infd.edu.ar\/sitio\/wp-json\/wp\/v2\/users\/2396"}],"replies":[{"embeddable":true,"href":"https:\/\/ens36-sfe.infd.edu.ar\/sitio\/wp-json\/wp\/v2\/comments?post=1937"}],"version-history":[{"count":3,"href":"https:\/\/ens36-sfe.infd.edu.ar\/sitio\/wp-json\/wp\/v2\/pages\/1937\/revisions"}],"predecessor-version":[{"id":1943,"href":"https:\/\/ens36-sfe.infd.edu.ar\/sitio\/wp-json\/wp\/v2\/pages\/1937\/revisions\/1943"}],"wp:attachment":[{"href":"https:\/\/ens36-sfe.infd.edu.ar\/sitio\/wp-json\/wp\/v2\/media?parent=1937"}],"curies":[{"name":"wp","href":"https:\/\/api.w.org\/{rel}","templated":true}]}}