{"id":1882,"date":"2020-12-22T01:13:48","date_gmt":"2020-12-22T04:13:48","guid":{"rendered":"https:\/\/ens36-sfe.infd.edu.ar\/sitio\/?page_id=1882"},"modified":"2020-12-22T01:16:23","modified_gmt":"2020-12-22T04:16:23","slug":"tramites-administrativos-de-secundaria","status":"publish","type":"page","link":"https:\/\/ens36-sfe.infd.edu.ar\/sitio\/tramites-administrativos-de-secundaria\/","title":{"rendered":"TR\u00c1MITES ADMINISTRATIVOS DE SECUNDARIA"},"content":{"rendered":"<p>Para tr\u00e1mites administrativos exclusivos sobre solicitud de pases, constancias de certificados de estudios en tr\u00e1mites, etc. escribir al siguiente e-mail:<\/p>\n<p><a href=\"mailto:secretariasecundarionormal36@gmail.com\">secretariasecundarionormal36@gmail.com<\/a><\/p>\n<p>&nbsp;<\/p>\n<p>&nbsp;<\/p>\n<p>&nbsp;<\/p>\n<p>&nbsp;<\/p>\n<p>&nbsp;<\/p>\n","protected":false},"excerpt":{"rendered":"<p>Para tr\u00e1mites administrativos exclusivos sobre solicitud de pases, constancias de certificados de estudios en tr\u00e1mites, etc. escribir al siguiente e-mail: secretariasecundarionormal36@gmail.com &nbsp; &nbsp; &nbsp; &nbsp; &nbsp;<\/p>\n","protected":false},"author":2396,"featured_media":0,"parent":0,"menu_order":0,"comment_status":"closed","ping_status":"closed","template":"","meta":[],"acf":[],"_links":{"self":[{"href":"https:\/\/ens36-sfe.infd.edu.ar\/sitio\/wp-json\/wp\/v2\/pages\/1882"}],"collection":[{"href":"https:\/\/ens36-sfe.infd.edu.ar\/sitio\/wp-json\/wp\/v2\/pages"}],"about":[{"href":"https:\/\/ens36-sfe.infd.edu.ar\/sitio\/wp-json\/wp\/v2\/types\/page"}],"author":[{"embeddable":true,"href":"https:\/\/ens36-sfe.infd.edu.ar\/sitio\/wp-json\/wp\/v2\/users\/2396"}],"replies":[{"embeddable":true,"href":"https:\/\/ens36-sfe.infd.edu.ar\/sitio\/wp-json\/wp\/v2\/comments?post=1882"}],"version-history":[{"count":4,"href":"https:\/\/ens36-sfe.infd.edu.ar\/sitio\/wp-json\/wp\/v2\/pages\/1882\/revisions"}],"predecessor-version":[{"id":2104,"href":"https:\/\/ens36-sfe.infd.edu.ar\/sitio\/wp-json\/wp\/v2\/pages\/1882\/revisions\/2104"}],"wp:attachment":[{"href":"https:\/\/ens36-sfe.infd.edu.ar\/sitio\/wp-json\/wp\/v2\/media?parent=1882"}],"curies":[{"name":"wp","href":"https:\/\/api.w.org\/{rel}","templated":true}]}}